{"id":632,"date":"2024-04-29T14:00:35","date_gmt":"2024-04-29T14:00:35","guid":{"rendered":"https:\/\/cceprcisionstg.wpenginepowered.com\/?page_id=632"},"modified":"2024-04-29T14:00:36","modified_gmt":"2024-04-29T14:00:36","slug":"privacy-policy","status":"publish","type":"page","link":"https:\/\/cceprecision.ca\/en\/privacy-policy\/","title":{"rendered":"Privacy policy"},"content":{"rendered":"\n<p>Given the development of new communication tools, it is necessary to pay special attention to the protection of privacy. Therefore, we are committed to respecting the confidentiality of the personal information we collect.<\/p>\n\n\n\n<p><strong>Collection of Personal Information<\/strong><\/p>\n\n\n\n<ul class=\"wp-block-list\">\n<li>First Name<\/li>\n\n\n\n<li>Mailing Address<\/li>\n\n\n\n<li>Postal Code<\/li>\n\n\n\n<li>Email Address<\/li>\n\n\n\n<li>Phone\/Fax Number<\/li>\n<\/ul>\n\n\n\n<p>The personal information we collect is gathered through forms and through the interactivity established between you and our website. We also use, as indicated in the following section, cookies and\/or logs to gather information about you.<\/p>\n\n\n\n<p><strong>Forms and Interactivity:<\/strong> Your personal information is collected through forms, namely:<\/p>\n\n\n\n<ul class=\"wp-block-list\">\n<li>Website registration form<\/li>\n\n\n\n<li>Order form<\/li>\n<\/ul>\n\n\n\n<p>We use the information collected for the following purposes:<\/p>\n\n\n\n<ul class=\"wp-block-list\">\n<li>Order tracking<\/li>\n\n\n\n<li>Information\/Promotional offers<\/li>\n\n\n\n<li>Statistics<\/li>\n\n\n\n<li>Contact<\/li>\n<\/ul>\n\n\n\n<p>Your information is also collected through the interactivity that can be established between you and our website in the following ways:<\/p>\n\n\n\n<ul class=\"wp-block-list\">\n<li>Correspondence<\/li>\n<\/ul>\n\n\n\n<p>We use the information collected for the following purposes:<\/p>\n\n\n\n<ul class=\"wp-block-list\">\n<li>Information or for promotional offers<\/li>\n\n\n\n<li>Statistics<\/li>\n\n\n\n<li>Contact<\/li>\n<\/ul>\n\n\n\n<p><strong>Right to Oppose and Withdraw<\/strong> We are committed to offering you a right to oppose and withdraw with respect to your personal information. The right to oppose is defined as the possibility offered to Internet users to refuse that their personal information be used for certain purposes mentioned at the time of collection.<\/p>\n\n\n\n<p>The right of withdrawal is defined as the possibility offered to Internet users to request that their personal information no longer appear, for example, in a mailing list.<\/p>\n\n\n\n<p>To exercise these rights, you can:<\/p>\n\n\n\n<ul class=\"wp-block-list\">\n<li>Name: Val\u00e9rie La Roche, Vice-President<\/li>\n\n\n\n<li>Address: 24 Chemin Henri-Chartrand, L\u2019Ange-Gardien, QC<\/li>\n\n\n\n<li>Email: <a>valerie.laroche@cceprecision.ca<\/a><\/li>\n\n\n\n<li>Phone: 819.986.3468<\/li>\n\n\n\n<li>Website section: <a href=\"https:\/\/cceprecision.ca\/nous-joindre\/\">https:\/\/cceprecision.ca\/nous-joindre\/<\/a><\/li>\n<\/ul>\n\n\n\n<p><strong>Right of Access<\/strong> We are committed to recognizing a right of access and rectification for those concerned wishing to view, modify, or even erase information concerning them.<\/p>\n\n\n\n<p>The exercise of this right will be:<\/p>\n\n\n\n<ul class=\"wp-block-list\">\n<li>Name: Val\u00e9rie La Roche, Vice-President<\/li>\n\n\n\n<li>Address: 24 Chemin Henri-Chartrand, L\u2019Ange-Gardien, QC<\/li>\n\n\n\n<li>Email: <a>valerie.laroche@cceprecision.ca<\/a><\/li>\n\n\n\n<li>Phone: 819.986.3468<\/li>\n\n\n\n<li>Website section: <a href=\"https:\/\/cceprecision.ca\/nous-joindre\/\">https:\/\/cceprecision.ca\/nous-joindre\/<\/a><\/li>\n<\/ul>\n\n\n\n<p><strong>Security<\/strong> The personal information we collect is kept in a secure environment. The people working for us are obligated to respect the confidentiality of your information.<\/p>\n\n\n\n<p>To ensure the security of your personal information, we use the following measures:<\/p>\n\n\n\n<ul class=\"wp-block-list\">\n<li>SSL Protocol<\/li>\n\n\n\n<li>SET Protocol<\/li>\n\n\n\n<li>Access Management \u2013 Authorized Person<\/li>\n\n\n\n<li>Access Management \u2013 Concerned Person<\/li>\n\n\n\n<li>Network Monitoring Software<\/li>\n\n\n\n<li>Computer Backup<\/li>\n\n\n\n<li>ID \/ Password<\/li>\n\n\n\n<li>Firewall<\/li>\n<\/ul>\n\n\n\n<p>We are committed to maintaining a high degree of confidentiality by incorporating the latest technological innovations designed to ensure the confidentiality of your transactions. However, as no mechanism offers maximum security, a degree of risk is always present when using the Internet to transmit personal information.<\/p>\n\n\n\n<p><strong>Legislation<\/strong> We are committed to complying with the legislative provisions stated in:<\/p>\n\n\n\n<ul class=\"wp-block-list\">\n<li>Legislation: Act 25 or Act modernizing legislative provisions regarding the protection of personal information<\/li>\n<\/ul>\n","protected":false},"excerpt":{"rendered":"<p>Given the development of new communication tools, it is necessary to pay special attention to the protection of privacy. Therefore, we are committed to respecting the confidentiality of the personal information we collect. Collection of Personal Information The personal information we collect is gathered through forms and through the interactivity established between you and our [&hellip;]<\/p>\n","protected":false},"author":2,"featured_media":0,"parent":0,"menu_order":0,"comment_status":"closed","ping_status":"closed","template":"","meta":{"_acf_changed":false,"_uag_custom_page_level_css":"","site-sidebar-layout":"default","site-content-layout":"","ast-site-content-layout":"default","site-content-style":"default","site-sidebar-style":"default","ast-global-header-display":"","ast-banner-title-visibility":"","ast-main-header-display":"","ast-hfb-above-header-display":"","ast-hfb-below-header-display":"","ast-hfb-mobile-header-display":"","site-post-title":"","ast-breadcrumbs-content":"","ast-featured-img":"","footer-sml-layout":"","ast-disable-related-posts":"","theme-transparent-header-meta":"","adv-header-id-meta":"","stick-header-meta":"","header-above-stick-meta":"","header-main-stick-meta":"","header-below-stick-meta":"","astra-migrate-meta-layouts":"set","ast-page-background-enabled":"default","ast-page-background-meta":{"desktop":{"background-color":"","background-image":"","background-repeat":"repeat","background-position":"center center","background-size":"auto","background-attachment":"scroll","background-type":"","background-media":"","overlay-type":"","overlay-color":"","overlay-opacity":"","overlay-gradient":""},"tablet":{"background-color":"","background-image":"","background-repeat":"repeat","background-position":"center center","background-size":"auto","background-attachment":"scroll","background-type":"","background-media":"","overlay-type":"","overlay-color":"","overlay-opacity":"","overlay-gradient":""},"mobile":{"background-color":"","background-image":"","background-repeat":"repeat","background-position":"center center","background-size":"auto","background-attachment":"scroll","background-type":"","background-media":"","overlay-type":"","overlay-color":"","overlay-opacity":"","overlay-gradient":""}},"ast-content-background-meta":{"desktop":{"background-color":"var(--ast-global-color-5)","background-image":"","background-repeat":"repeat","background-position":"center center","background-size":"auto","background-attachment":"scroll","background-type":"","background-media":"","overlay-type":"","overlay-color":"","overlay-opacity":"","overlay-gradient":""},"tablet":{"background-color":"var(--ast-global-color-5)","background-image":"","background-repeat":"repeat","background-position":"center center","background-size":"auto","background-attachment":"scroll","background-type":"","background-media":"","overlay-type":"","overlay-color":"","overlay-opacity":"","overlay-gradient":""},"mobile":{"background-color":"var(--ast-global-color-5)","background-image":"","background-repeat":"repeat","background-position":"center center","background-size":"auto","background-attachment":"scroll","background-type":"","background-media":"","overlay-type":"","overlay-color":"","overlay-opacity":"","overlay-gradient":""}},"footnotes":""},"class_list":["post-632","page","type-page","status-publish","hentry"],"acf":[],"yoast_head":"<!-- This site is optimized with the Yoast SEO plugin v27.2 - https:\/\/yoast.com\/product\/yoast-seo-wordpress\/ -->\n<title>Privacy policy | CCE Pr\u00e9cision Lt\u00e9e<\/title>\n<meta name=\"robots\" content=\"index, follow, max-snippet:-1, max-image-preview:large, max-video-preview:-1\" \/>\n<link rel=\"canonical\" href=\"https:\/\/cceprecision.ca\/en\/privacy-policy\/\" \/>\n<meta property=\"og:locale\" content=\"en_US\" \/>\n<meta property=\"og:type\" content=\"article\" \/>\n<meta property=\"og:title\" content=\"Privacy policy | CCE Pr\u00e9cision Lt\u00e9e\" \/>\n<meta property=\"og:description\" content=\"Given the development of new communication tools, it is necessary to pay special attention to the protection of privacy. Therefore, we are committed to respecting the confidentiality of the personal information we collect. Collection of Personal Information The personal information we collect is gathered through forms and through the interactivity established between you and our [&hellip;]\" \/>\n<meta property=\"og:url\" content=\"https:\/\/cceprecision.ca\/en\/privacy-policy\/\" \/>\n<meta property=\"og:site_name\" content=\"CCE Pr\u00e9cision Lt\u00e9e\" \/>\n<meta property=\"article:modified_time\" content=\"2024-04-29T14:00:36+00:00\" \/>\n<meta name=\"twitter:card\" content=\"summary_large_image\" \/>\n<meta name=\"twitter:label1\" content=\"Est. reading time\" \/>\n\t<meta name=\"twitter:data1\" content=\"3 minutes\" \/>\n<script type=\"application\/ld+json\" class=\"yoast-schema-graph\">{\"@context\":\"https:\/\/schema.org\",\"@graph\":[{\"@type\":\"WebPage\",\"@id\":\"https:\/\/cceprecision.ca\/en\/privacy-policy\/\",\"url\":\"https:\/\/cceprecision.ca\/en\/privacy-policy\/\",\"name\":\"Privacy policy | CCE Pr\u00e9cision Lt\u00e9e\",\"isPartOf\":{\"@id\":\"https:\/\/cceprecision.ca\/en\/#website\"},\"datePublished\":\"2024-04-29T14:00:35+00:00\",\"dateModified\":\"2024-04-29T14:00:36+00:00\",\"breadcrumb\":{\"@id\":\"https:\/\/cceprecision.ca\/en\/privacy-policy\/#breadcrumb\"},\"inLanguage\":\"en-US\",\"potentialAction\":[{\"@type\":\"ReadAction\",\"target\":[\"https:\/\/cceprecision.ca\/en\/privacy-policy\/\"]}]},{\"@type\":\"BreadcrumbList\",\"@id\":\"https:\/\/cceprecision.ca\/en\/privacy-policy\/#breadcrumb\",\"itemListElement\":[{\"@type\":\"ListItem\",\"position\":1,\"name\":\"Accueil\",\"item\":\"https:\/\/cceprecision.ca\/en\/\"},{\"@type\":\"ListItem\",\"position\":2,\"name\":\"Privacy policy\"}]},{\"@type\":\"WebSite\",\"@id\":\"https:\/\/cceprecision.ca\/en\/#website\",\"url\":\"https:\/\/cceprecision.ca\/en\/\",\"name\":\"CCE Pr\u00e9cision Lt\u00e9e\",\"description\":\"En affaires depuis 2008, CCE Pr\u00e9cision Lt\u00e9e se sp\u00e9cialise dans l\u2019usinage de pr\u00e9cision et la m\u00e9canique industrielle.\",\"publisher\":{\"@id\":\"https:\/\/cceprecision.ca\/en\/#organization\"},\"potentialAction\":[{\"@type\":\"SearchAction\",\"target\":{\"@type\":\"EntryPoint\",\"urlTemplate\":\"https:\/\/cceprecision.ca\/en\/?s={search_term_string}\"},\"query-input\":{\"@type\":\"PropertyValueSpecification\",\"valueRequired\":true,\"valueName\":\"search_term_string\"}}],\"inLanguage\":\"en-US\"},{\"@type\":\"Organization\",\"@id\":\"https:\/\/cceprecision.ca\/en\/#organization\",\"name\":\"CCE Pr\u00e9cision Lt\u00e9e\",\"url\":\"https:\/\/cceprecision.ca\/en\/\",\"logo\":{\"@type\":\"ImageObject\",\"inLanguage\":\"en-US\",\"@id\":\"https:\/\/cceprecision.ca\/en\/#\/schema\/logo\/image\/\",\"url\":\"https:\/\/cceprecision.ca\/wp-content\/uploads\/2025\/09\/IMG_6112.png\",\"contentUrl\":\"https:\/\/cceprecision.ca\/wp-content\/uploads\/2025\/09\/IMG_6112.png\",\"width\":595,\"height\":398,\"caption\":\"CCE Pr\u00e9cision Lt\u00e9e\"},\"image\":{\"@id\":\"https:\/\/cceprecision.ca\/en\/#\/schema\/logo\/image\/\"}}]}<\/script>\n<!-- \/ Yoast SEO plugin. -->","yoast_head_json":{"title":"Privacy policy | CCE Pr\u00e9cision Lt\u00e9e","robots":{"index":"index","follow":"follow","max-snippet":"max-snippet:-1","max-image-preview":"max-image-preview:large","max-video-preview":"max-video-preview:-1"},"canonical":"https:\/\/cceprecision.ca\/en\/privacy-policy\/","og_locale":"en_US","og_type":"article","og_title":"Privacy policy | CCE Pr\u00e9cision Lt\u00e9e","og_description":"Given the development of new communication tools, it is necessary to pay special attention to the protection of privacy. Therefore, we are committed to respecting the confidentiality of the personal information we collect. Collection of Personal Information The personal information we collect is gathered through forms and through the interactivity established between you and our [&hellip;]","og_url":"https:\/\/cceprecision.ca\/en\/privacy-policy\/","og_site_name":"CCE Pr\u00e9cision Lt\u00e9e","article_modified_time":"2024-04-29T14:00:36+00:00","twitter_card":"summary_large_image","twitter_misc":{"Est. reading time":"3 minutes"},"schema":{"@context":"https:\/\/schema.org","@graph":[{"@type":"WebPage","@id":"https:\/\/cceprecision.ca\/en\/privacy-policy\/","url":"https:\/\/cceprecision.ca\/en\/privacy-policy\/","name":"Privacy policy | CCE Pr\u00e9cision Lt\u00e9e","isPartOf":{"@id":"https:\/\/cceprecision.ca\/en\/#website"},"datePublished":"2024-04-29T14:00:35+00:00","dateModified":"2024-04-29T14:00:36+00:00","breadcrumb":{"@id":"https:\/\/cceprecision.ca\/en\/privacy-policy\/#breadcrumb"},"inLanguage":"en-US","potentialAction":[{"@type":"ReadAction","target":["https:\/\/cceprecision.ca\/en\/privacy-policy\/"]}]},{"@type":"BreadcrumbList","@id":"https:\/\/cceprecision.ca\/en\/privacy-policy\/#breadcrumb","itemListElement":[{"@type":"ListItem","position":1,"name":"Accueil","item":"https:\/\/cceprecision.ca\/en\/"},{"@type":"ListItem","position":2,"name":"Privacy policy"}]},{"@type":"WebSite","@id":"https:\/\/cceprecision.ca\/en\/#website","url":"https:\/\/cceprecision.ca\/en\/","name":"CCE Pr\u00e9cision Lt\u00e9e","description":"En affaires depuis 2008, CCE Pr\u00e9cision Lt\u00e9e se sp\u00e9cialise dans l\u2019usinage de pr\u00e9cision et la m\u00e9canique industrielle.","publisher":{"@id":"https:\/\/cceprecision.ca\/en\/#organization"},"potentialAction":[{"@type":"SearchAction","target":{"@type":"EntryPoint","urlTemplate":"https:\/\/cceprecision.ca\/en\/?s={search_term_string}"},"query-input":{"@type":"PropertyValueSpecification","valueRequired":true,"valueName":"search_term_string"}}],"inLanguage":"en-US"},{"@type":"Organization","@id":"https:\/\/cceprecision.ca\/en\/#organization","name":"CCE Pr\u00e9cision Lt\u00e9e","url":"https:\/\/cceprecision.ca\/en\/","logo":{"@type":"ImageObject","inLanguage":"en-US","@id":"https:\/\/cceprecision.ca\/en\/#\/schema\/logo\/image\/","url":"https:\/\/cceprecision.ca\/wp-content\/uploads\/2025\/09\/IMG_6112.png","contentUrl":"https:\/\/cceprecision.ca\/wp-content\/uploads\/2025\/09\/IMG_6112.png","width":595,"height":398,"caption":"CCE Pr\u00e9cision Lt\u00e9e"},"image":{"@id":"https:\/\/cceprecision.ca\/en\/#\/schema\/logo\/image\/"}}]}},"spectra_custom_meta":{"_edit_lock":["1714399253:2"],"_wpml_word_count":["{\"total\":426,\"to_translate\":{\"fr\":426}}"],"ast-site-content-layout":["default"],"theme-transparent-header-meta":[""],"adv-header-id-meta":[""],"stick-header-meta":[""],"astra-migrate-meta-layouts":["set"],"footnotes":[""],"_edit_last":["2"],"hero_title":[""],"_hero_title":["field_5aa6283c86846"],"hero_icon":[""],"_hero_icon":["field_5aa758d49e3c8"],"_wpml_media_duplicate":["1"],"_wpml_media_featured":["1"],"_yoast_wpseo_content_score":["60"],"_yoast_wpseo_estimated-reading-time-minutes":["3"],"_yoast_wpseo_wordproof_timestamp":[""],"_uag_css_file_name":["uag-css-632.css"],"_uag_page_assets":["a:9:{s:3:\"css\";s:263:\".uag-blocks-common-selector{z-index:var(--z-index-desktop) !important}@media (max-width: 976px){.uag-blocks-common-selector{z-index:var(--z-index-tablet) !important}}@media (max-width: 767px){.uag-blocks-common-selector{z-index:var(--z-index-mobile) !important}}\n\";s:2:\"js\";s:0:\"\";s:18:\"current_block_list\";a:5:{i:0;s:14:\"core\/paragraph\";i:1;s:9:\"core\/list\";i:2;s:14:\"core\/list-item\";i:3;s:12:\"core\/buttons\";i:4;s:11:\"core\/button\";}s:8:\"uag_flag\";b:0;s:11:\"uag_version\";s:10:\"1776270519\";s:6:\"gfonts\";a:0:{}s:10:\"gfonts_url\";s:0:\"\";s:12:\"gfonts_files\";a:0:{}s:14:\"uag_faq_layout\";b:0;}"]},"uagb_featured_image_src":{"full":false,"thumbnail":false,"medium":false,"medium_large":false,"large":false,"1536x1536":false,"2048x2048":false,"gform-image-choice-sm":false,"gform-image-choice-md":false,"gform-image-choice-lg":false},"uagb_author_info":{"display_name":"CCE Pr\u00e9cision Lt\u00e9e","author_link":"https:\/\/cceprecision.ca\/en\/author\/nmoncion\/"},"uagb_comment_info":0,"uagb_excerpt":"Given the development of new communication tools, it is necessary to pay special attention to the protection of privacy. Therefore, we are committed to respecting the confidentiality of the personal information we collect. Collection of Personal Information The personal information we collect is gathered through forms and through the interactivity established between you and our&hellip;","_links":{"self":[{"href":"https:\/\/cceprecision.ca\/en\/wp-json\/wp\/v2\/pages\/632","targetHints":{"allow":["GET"]}}],"collection":[{"href":"https:\/\/cceprecision.ca\/en\/wp-json\/wp\/v2\/pages"}],"about":[{"href":"https:\/\/cceprecision.ca\/en\/wp-json\/wp\/v2\/types\/page"}],"author":[{"embeddable":true,"href":"https:\/\/cceprecision.ca\/en\/wp-json\/wp\/v2\/users\/2"}],"replies":[{"embeddable":true,"href":"https:\/\/cceprecision.ca\/en\/wp-json\/wp\/v2\/comments?post=632"}],"version-history":[{"count":0,"href":"https:\/\/cceprecision.ca\/en\/wp-json\/wp\/v2\/pages\/632\/revisions"}],"wp:attachment":[{"href":"https:\/\/cceprecision.ca\/en\/wp-json\/wp\/v2\/media?parent=632"}],"curies":[{"name":"wp","href":"https:\/\/api.w.org\/{rel}","templated":true}]}}